{"id":269,"date":"2024-02-11T16:46:11","date_gmt":"2024-02-11T15:46:11","guid":{"rendered":"https:\/\/belgianjazz.com\/?page_id=269"},"modified":"2024-02-11T21:18:40","modified_gmt":"2024-02-11T20:18:40","slug":"pass-belgian-jazz-festival","status":"publish","type":"page","link":"https:\/\/belgianjazz.com\/index.php\/pass-belgian-jazz-festival\/","title":{"rendered":"PASS Belgian Jazz Festival"},"content":{"rendered":"\n<div class=\"wp-block-columns is-layout-flex wp-container-core-columns-is-layout-28f84493 wp-block-columns-is-layout-flex\">\n<div class=\"wp-block-column is-layout-flow wp-block-column-is-layout-flow\"><div data-block-name=\"woocommerce\/product-category\" data-categories=\"[26]\" data-columns=\"1\" class=\"wc-block-grid wp-block-product-category wp-block-woocommerce-product-category wc-block-product-category has-1-columns has-multiple-rows\"><ul class=\"wc-block-grid__products\"><li class=\"wc-block-grid__product\">\n\t\t\t\t<a href=\"https:\/\/belgianjazz.com\/index.php\/produit\/pass-belgian-jazz-festival\/\" class=\"wc-block-grid__product-link\">\n\t\t\t\t\t\n\t\t\t\t\t<div class=\"wc-block-grid__product-image\"><img loading=\"lazy\" decoding=\"async\" width=\"300\" height=\"300\" src=\"https:\/\/belgianjazz.com\/wp-content\/uploads\/2024\/02\/logo-pass-300x300.jpg\" class=\"attachment-woocommerce_thumbnail size-woocommerce_thumbnail\" alt=\"PASS Belgian Jazz Festival\" srcset=\"https:\/\/belgianjazz.com\/wp-content\/uploads\/2024\/02\/logo-pass-300x300.jpg 300w, https:\/\/belgianjazz.com\/wp-content\/uploads\/2024\/02\/logo-pass-1024x1022.jpg 1024w, https:\/\/belgianjazz.com\/wp-content\/uploads\/2024\/02\/logo-pass-150x150.jpg 150w, https:\/\/belgianjazz.com\/wp-content\/uploads\/2024\/02\/logo-pass-768x767.jpg 768w, https:\/\/belgianjazz.com\/wp-content\/uploads\/2024\/02\/logo-pass-600x599.jpg 600w, https:\/\/belgianjazz.com\/wp-content\/uploads\/2024\/02\/logo-pass-100x100.jpg 100w, https:\/\/belgianjazz.com\/wp-content\/uploads\/2024\/02\/logo-pass.jpg 1251w\" sizes=\"auto, (max-width: 300px) 100vw, 300px\" \/><\/div>\n\t\t\t\t\t<div class=\"wc-block-grid__product-title\">PASS Belgian Jazz Festival<\/div>\n\t\t\t\t<\/a>\n\t\t\t\t<div class=\"wc-block-grid__product-price price\"><span class=\"woocommerce-Price-amount amount\"><span class=\"woocommerce-Price-currencySymbol\">&euro;<\/span>&nbsp;55,00<\/span><\/div>\n\t\t\t\t\n\t\t\t\t<div class=\"wp-block-button wc-block-grid__product-add-to-cart\"><a href=\"\/index.php\/wp-json\/wp\/v2\/pages\/269?add-to-cart=122\" aria-label=\"Ajouter au panier\u00a0: &ldquo;PASS Belgian Jazz Festival&rdquo;\" data-quantity=\"1\" data-product_id=\"122\" data-product_sku=\"\" data-price=\"55\" rel=\"nofollow\" class=\"wp-block-button__link wp-element-button add_to_cart_button ajax_add_to_cart\">Add to Cart &#8211; Ajouter au Panier &#8211; Voeg toe aan winkelkar<\/a><\/div>\n\t\t\t<\/li><\/ul><\/div><\/div>\n\n\n\n<div class=\"wp-block-column is-layout-flow wp-block-column-is-layout-flow\">\n<div class=\"wp-block-columns is-layout-flex wp-container-core-columns-is-layout-28f84493 wp-block-columns-is-layout-flex\">\n<div class=\"wp-block-column is-layout-flow wp-block-column-is-layout-flow\" style=\"flex-basis:66.66%\">\n<p class=\"has-small-font-size\"><a href=\"https:\/\/belgianjazz.com\/index.php\/panier\/\" target=\"_blank\" rel=\"noreferrer noopener\"><strong>&#8211; CLIQUEZ ICI POUR VALIDER VOTRE<\/strong> <strong>PANIER <\/strong><\/a><\/p>\n\n\n\n<p class=\"has-small-font-size\"><a href=\"https:\/\/belgianjazz.com\/index.php\/panier\/\" target=\"_blank\" rel=\"noreferrer noopener\"><strong>&#8211; KLIK HIER OM UW WINKELKAR TE VALIDEREN<\/strong> <\/a><\/p>\n\n\n\n<p class=\"has-small-font-size\"><strong><a href=\"https:\/\/belgianjazz.com\/index.php\/panier\/\" target=\"_blank\" rel=\"noreferrer noopener\">&#8211; CLICK HERE TO VALIDATE YOUR BASKET<\/a><\/strong><\/p>\n\n\n\n<p><\/p>\n<\/div>\n\n\n\n<div class=\"wp-block-column is-layout-flow wp-block-column-is-layout-flow\" style=\"flex-basis:33.33%\"><\/div>\n<\/div>\n\n\n\n<p>Aidez \u00e0 la p\u00e9rennit\u00e9 du festival, choisissez et ajouter \u00e0 votre panier un ou plusieurs ARTICLES CI-DESSOUS ou faites directement une <a href=\"https:\/\/belgianjazz.com\/index.php\/donation\/\" target=\"_blank\" rel=\"noreferrer noopener\">DONATION<\/a>. Merci pour votre soutien!!!<\/p>\n\n\n\n<p>Help mee de duurzaamheid van het festival te garanderen, kies en voeg \u00e9\u00e9n of meerdere ARTIKELEN HIERONDER toe aan je winkelmandje<em> of doet u direct een <a href=\"https:\/\/belgianjazz.com\/index.php\/donation\/\" target=\"_blank\" rel=\"noreferrer noopener\">DONATIE<\/a>. Bedankt voor je ondersteuning!!!<\/em><\/p>\n\n\n\n<p>To ensure the sustainability of the festival, choose and add one or several ITEMS TO YOUR CART BELOW or make a <a href=\"https:\/\/belgianjazz.com\/index.php\/donation\/\" target=\"_blank\" rel=\"noreferrer noopener\">DONATION<\/a> directly. Thank you for your support!!!<\/p>\n\n\n<div data-align-buttons=\"true\" data-block-name=\"woocommerce\/product-category\" data-categories=\"[27]\" data-columns=\"4\" class=\"wc-block-grid wp-block-product-category wp-block-woocommerce-product-category wc-block-product-category has-4-columns has-multiple-rows has-aligned-buttons\"><ul class=\"wc-block-grid__products\"><li class=\"wc-block-grid__product\">\n\t\t\t\t<a href=\"https:\/\/belgianjazz.com\/index.php\/produit\/perles-de-wallonie-domaine-du-chenoy\/\" class=\"wc-block-grid__product-link\">\n\t\t\t\t\t\n\t\t\t\t\t<div class=\"wc-block-grid__product-image\"><img loading=\"lazy\" decoding=\"async\" width=\"300\" height=\"300\" src=\"https:\/\/belgianjazz.com\/wp-content\/uploads\/2026\/02\/Cremant-_Perle-de-Wallonie_-Domaine-du-Chenoy-300x300.png\" class=\"attachment-woocommerce_thumbnail size-woocommerce_thumbnail\" alt=\"Perles de Wallonie, Domaine du Chenoy\" srcset=\"https:\/\/belgianjazz.com\/wp-content\/uploads\/2026\/02\/Cremant-_Perle-de-Wallonie_-Domaine-du-Chenoy-300x300.png 300w, https:\/\/belgianjazz.com\/wp-content\/uploads\/2026\/02\/Cremant-_Perle-de-Wallonie_-Domaine-du-Chenoy-150x150.png 150w, https:\/\/belgianjazz.com\/wp-content\/uploads\/2026\/02\/Cremant-_Perle-de-Wallonie_-Domaine-du-Chenoy-600x600.png 600w, https:\/\/belgianjazz.com\/wp-content\/uploads\/2026\/02\/Cremant-_Perle-de-Wallonie_-Domaine-du-Chenoy-100x100.png 100w, https:\/\/belgianjazz.com\/wp-content\/uploads\/2026\/02\/Cremant-_Perle-de-Wallonie_-Domaine-du-Chenoy-50x50.png 50w, https:\/\/belgianjazz.com\/wp-content\/uploads\/2026\/02\/Cremant-_Perle-de-Wallonie_-Domaine-du-Chenoy.png 730w\" sizes=\"auto, (max-width: 300px) 100vw, 300px\" \/><\/div>\n\t\t\t\t\t<div class=\"wc-block-grid__product-title\">Perles de Wallonie, Domaine du Chenoy<\/div>\n\t\t\t\t<\/a>\n\t\t\t\t<div class=\"wc-block-grid__product-price price\"><span class=\"woocommerce-Price-amount amount\"><span class=\"woocommerce-Price-currencySymbol\">&euro;<\/span>&nbsp;45,00<\/span><\/div>\n\t\t\t\t\n\t\t\t\t<div class=\"wp-block-button wc-block-grid__product-add-to-cart\"><a href=\"\/index.php\/wp-json\/wp\/v2\/pages\/269?add-to-cart=1155\" aria-label=\"Ajouter au panier\u00a0: &ldquo;Perles de Wallonie, Domaine du Chenoy&rdquo;\" data-quantity=\"1\" data-product_id=\"1155\" data-product_sku=\"\" data-price=\"45\" rel=\"nofollow\" class=\"wp-block-button__link wp-element-button add_to_cart_button ajax_add_to_cart\">Add to Cart &#8211; Ajouter au Panier &#8211; Voeg toe aan winkelkar<\/a><\/div>\n\t\t\t<\/li><li class=\"wc-block-grid__product\">\n\t\t\t\t<a href=\"https:\/\/belgianjazz.com\/index.php\/produit\/a-surprising-beer-pack-by-la-brasserie-de-la-senne\/\" class=\"wc-block-grid__product-link\">\n\t\t\t\t\t\n\t\t\t\t\t<div class=\"wc-block-grid__product-image\"><img loading=\"lazy\" decoding=\"async\" width=\"300\" height=\"300\" src=\"https:\/\/belgianjazz.com\/wp-content\/uploads\/2024\/02\/Pack-Decouverte-brasserie-de-la-Senne-300x300.jpg\" class=\"attachment-woocommerce_thumbnail size-woocommerce_thumbnail\" alt=\"Discovering beer pack by &quot;La Brasserie de la Senne&quot;\" srcset=\"https:\/\/belgianjazz.com\/wp-content\/uploads\/2024\/02\/Pack-Decouverte-brasserie-de-la-Senne-300x300.jpg 300w, https:\/\/belgianjazz.com\/wp-content\/uploads\/2024\/02\/Pack-Decouverte-brasserie-de-la-Senne-150x150.jpg 150w, https:\/\/belgianjazz.com\/wp-content\/uploads\/2024\/02\/Pack-Decouverte-brasserie-de-la-Senne-100x100.jpg 100w, https:\/\/belgianjazz.com\/wp-content\/uploads\/2024\/02\/Pack-Decouverte-brasserie-de-la-Senne-50x50.jpg 50w\" sizes=\"auto, (max-width: 300px) 100vw, 300px\" \/><\/div>\n\t\t\t\t\t<div class=\"wc-block-grid__product-title\">Discovering beer pack by \u00ab\u00a0La Brasserie de la Senne\u00a0\u00bb<\/div>\n\t\t\t\t<\/a>\n\t\t\t\t<div class=\"wc-block-grid__product-price price\"><span class=\"woocommerce-Price-amount amount\"><span class=\"woocommerce-Price-currencySymbol\">&euro;<\/span>&nbsp;25,00<\/span><\/div>\n\t\t\t\t\n\t\t\t\t<div class=\"wp-block-button wc-block-grid__product-add-to-cart\"><a href=\"\/index.php\/wp-json\/wp\/v2\/pages\/269?add-to-cart=206\" aria-label=\"Ajouter au panier\u00a0: &ldquo;Discovering beer pack by &quot;La Brasserie de la Senne&quot;&rdquo;\" data-quantity=\"1\" data-product_id=\"206\" data-product_sku=\"\" data-price=\"25\" rel=\"nofollow\" class=\"wp-block-button__link wp-element-button add_to_cart_button ajax_add_to_cart\">Add to Cart &#8211; Ajouter au Panier &#8211; Voeg toe aan winkelkar<\/a><\/div>\n\t\t\t<\/li><\/ul><\/div><\/div>\n<\/div>\n","protected":false},"excerpt":{"rendered":"<p>&#8211; CLIQUEZ ICI POUR VALIDER VOTRE PANIER &#8211; KLIK HIER OM UW WINKELKAR TE VALIDEREN &#8211; CLICK HERE TO VALIDATE YOUR BASKET Aidez \u00e0 la p\u00e9rennit\u00e9 du festival, choisissez et ajouter \u00e0 votre panier un ou plusieurs ARTICLES CI-DESSOUS ou faites directement une DONATION. Merci pour votre soutien!!! Help mee de duurzaamheid van het festival [&hellip;]<\/p>\n","protected":false},"author":1,"featured_media":0,"parent":0,"menu_order":0,"comment_status":"closed","ping_status":"closed","template":"","meta":{"footnotes":""},"class_list":["post-269","page","type-page","status-publish","hentry"],"jetpack_sharing_enabled":true,"_links":{"self":[{"href":"https:\/\/belgianjazz.com\/index.php\/wp-json\/wp\/v2\/pages\/269","targetHints":{"allow":["GET"]}}],"collection":[{"href":"https:\/\/belgianjazz.com\/index.php\/wp-json\/wp\/v2\/pages"}],"about":[{"href":"https:\/\/belgianjazz.com\/index.php\/wp-json\/wp\/v2\/types\/page"}],"author":[{"embeddable":true,"href":"https:\/\/belgianjazz.com\/index.php\/wp-json\/wp\/v2\/users\/1"}],"replies":[{"embeddable":true,"href":"https:\/\/belgianjazz.com\/index.php\/wp-json\/wp\/v2\/comments?post=269"}],"version-history":[{"count":0,"href":"https:\/\/belgianjazz.com\/index.php\/wp-json\/wp\/v2\/pages\/269\/revisions"}],"wp:attachment":[{"href":"https:\/\/belgianjazz.com\/index.php\/wp-json\/wp\/v2\/media?parent=269"}],"curies":[{"name":"wp","href":"https:\/\/api.w.org\/{rel}","templated":true}]}}