{"id":72,"date":"2024-02-07T13:59:14","date_gmt":"2024-02-07T12:59:14","guid":{"rendered":"https:\/\/belgianjazz.com\/index.php\/panier\/"},"modified":"2026-02-24T10:09:12","modified_gmt":"2026-02-24T09:09:12","slug":"panier","status":"publish","type":"page","link":"https:\/\/belgianjazz.com\/index.php\/panier\/","title":{"rendered":"Panier"},"content":{"rendered":"\n<div data-block-name=\"woocommerce\/cart\" class=\"wp-block-woocommerce-cart alignwide is-loading\">\n<div data-block-name=\"woocommerce\/filled-cart-block\" class=\"wp-block-woocommerce-filled-cart-block\">\n<div data-block-name=\"woocommerce\/cart-items-block\" class=\"wp-block-woocommerce-cart-items-block\">\n<div data-block-name=\"woocommerce\/cart-line-items-block\" class=\"wp-block-woocommerce-cart-line-items-block\"><\/div>\n\n\n\n<div data-block-name=\"woocommerce\/cart-cross-sells-block\" class=\"wp-block-woocommerce-cart-cross-sells-block\">\n<h2 class=\"wp-block-heading has-large-font-size\">\u00c7a peut vous int\u00e9resser&#8230;<\/h2>\n\n\n<div data-align-buttons=\"true\" data-block-name=\"woocommerce\/product-category\" data-categories=\"[41]\" data-columns=\"4\" data-rows=\"2\" class=\"wc-block-grid wp-block-product-category wp-block-woocommerce-product-category wc-block-product-category has-4-columns has-multiple-rows has-aligned-buttons\"><ul class=\"wc-block-grid__products\"><li class=\"wc-block-grid__product\">\n\t\t\t\t<a href=\"https:\/\/belgianjazz.com\/index.php\/produit\/pass-belgian-jazz-festival-april-3rd-4th-2026\/\" class=\"wc-block-grid__product-link\">\n\t\t\t\t\t\n\t\t\t\t\t<div class=\"wc-block-grid__product-image\"><img loading=\"lazy\" decoding=\"async\" width=\"300\" height=\"300\" src=\"https:\/\/belgianjazz.com\/wp-content\/uploads\/2026\/02\/Pass-3-et-4-avril-2026-petit-300x300.jpg\" class=\"attachment-woocommerce_thumbnail size-woocommerce_thumbnail\" alt=\"PASS Belgian Jazz Festival April 3rd &amp; 4th 2026\" srcset=\"https:\/\/belgianjazz.com\/wp-content\/uploads\/2026\/02\/Pass-3-et-4-avril-2026-petit-300x300.jpg 300w, https:\/\/belgianjazz.com\/wp-content\/uploads\/2026\/02\/Pass-3-et-4-avril-2026-petit-1024x1024.jpg 1024w, https:\/\/belgianjazz.com\/wp-content\/uploads\/2026\/02\/Pass-3-et-4-avril-2026-petit-150x150.jpg 150w, https:\/\/belgianjazz.com\/wp-content\/uploads\/2026\/02\/Pass-3-et-4-avril-2026-petit-768x768.jpg 768w, https:\/\/belgianjazz.com\/wp-content\/uploads\/2026\/02\/Pass-3-et-4-avril-2026-petit-1536x1536.jpg 1536w, https:\/\/belgianjazz.com\/wp-content\/uploads\/2026\/02\/Pass-3-et-4-avril-2026-petit-600x600.jpg 600w, https:\/\/belgianjazz.com\/wp-content\/uploads\/2026\/02\/Pass-3-et-4-avril-2026-petit-100x100.jpg 100w, https:\/\/belgianjazz.com\/wp-content\/uploads\/2026\/02\/Pass-3-et-4-avril-2026-petit.jpg 2000w\" sizes=\"auto, (max-width: 300px) 100vw, 300px\" \/><\/div>\n\t\t\t\t\t<div class=\"wc-block-grid__product-title\">PASS Belgian Jazz Festival April 3rd &amp; 4th 2026<\/div>\n\t\t\t\t<\/a>\n\t\t\t\t<div class=\"wc-block-grid__product-price price\"><span class=\"woocommerce-Price-amount amount\"><span class=\"woocommerce-Price-currencySymbol\">&euro;<\/span>&nbsp;70,00<\/span><\/div>\n\t\t\t\t\n\t\t\t\t<div class=\"wp-block-button wc-block-grid__product-add-to-cart\"><a href=\"\/index.php\/wp-json\/wp\/v2\/pages\/72?add-to-cart=1105\" aria-label=\"Ajouter au panier\u00a0: &ldquo;PASS Belgian Jazz Festival April 3rd &amp; 4th 2026&rdquo;\" data-quantity=\"1\" data-product_id=\"1105\" data-product_sku=\"\" data-price=\"70\" rel=\"nofollow\" class=\"wp-block-button__link wp-element-button add_to_cart_button ajax_add_to_cart\">Add to Cart &#8211; Ajouter au Panier &#8211; Voeg toe aan winkelkar<\/a><\/div>\n\t\t\t<\/li><\/ul><\/div>\n\n\n<div data-block-name=\"woocommerce\/cart-cross-sells-products-block\" data-columns=\"4\" class=\"wp-block-woocommerce-cart-cross-sells-products-block\"><\/div>\n\n\n\n<p><\/p>\n<\/div>\n<\/div>\n\n\n\n<div data-block-name=\"woocommerce\/cart-totals-block\" class=\"wp-block-woocommerce-cart-totals-block\">\n<div data-block-name=\"woocommerce\/cart-order-summary-block\" class=\"wp-block-woocommerce-cart-order-summary-block\">\n<div data-block-name=\"woocommerce\/cart-order-summary-heading-block\" data-content=\"Total panier\" class=\"wp-block-woocommerce-cart-order-summary-heading-block\"><\/div>\n\n\n\n<div data-block-name=\"woocommerce\/cart-order-summary-coupon-form-block\" class=\"wp-block-woocommerce-cart-order-summary-coupon-form-block\"><\/div>\n\n\n\n<div data-block-name=\"woocommerce\/cart-order-summary-totals-block\" class=\"wp-block-woocommerce-cart-order-summary-totals-block\">\n<div data-block-name=\"woocommerce\/cart-order-summary-subtotal-block\" class=\"wp-block-woocommerce-cart-order-summary-subtotal-block\"><\/div>\n\n\n\n<div data-block-name=\"woocommerce\/cart-order-summary-fee-block\" class=\"wp-block-woocommerce-cart-order-summary-fee-block\"><\/div>\n\n\n\n<div data-block-name=\"woocommerce\/cart-order-summary-discount-block\" class=\"wp-block-woocommerce-cart-order-summary-discount-block\"><\/div>\n\n\n\n<div data-block-name=\"woocommerce\/cart-order-summary-shipping-block\" class=\"wp-block-woocommerce-cart-order-summary-shipping-block\"><\/div>\n\n\n\n<div data-block-name=\"woocommerce\/cart-order-summary-taxes-block\" class=\"wp-block-woocommerce-cart-order-summary-taxes-block\"><\/div>\n<\/div>\n<\/div>\n\n\n\n<div data-block-name=\"woocommerce\/cart-express-payment-block\" class=\"wp-block-woocommerce-cart-express-payment-block\"><\/div>\n\n\n\n<div data-block-name=\"woocommerce\/proceed-to-checkout-block\" class=\"wp-block-woocommerce-proceed-to-checkout-block\"><\/div>\n\n\n\n<p class=\"has-text-align-center\"><\/p>\n\n\n\n<div data-block-name=\"woocommerce\/cart-accepted-payment-methods-block\" class=\"wp-block-woocommerce-cart-accepted-payment-methods-block\"><\/div>\n<\/div>\n<\/div>\n\n\n\n<div data-block-name=\"woocommerce\/empty-cart-block\" class=\"wp-block-woocommerce-empty-cart-block\">\n<h2 class=\"wp-block-heading has-text-align-center with-empty-cart-icon wc-block-cart__empty-cart__title\">Votre panier est actuellement vide&nbsp;!<\/h2>\n\n\n\n<hr class=\"wp-block-separator has-alpha-channel-opacity is-style-dots\"\/>\n\n\n\n<h2 class=\"wp-block-heading has-text-align-center\">Nouveau dans la boutique<\/h2>\n\n\n<div data-block-name=\"woocommerce\/product-new\" data-columns=\"4\" data-rows=\"1\" class=\"wc-block-grid wp-block-product-new wp-block-woocommerce-product-new wc-block-product-new has-4-columns\"><ul class=\"wc-block-grid__products\"><li class=\"wc-block-grid__product\">\n\t\t\t\t<a href=\"https:\/\/belgianjazz.com\/index.php\/produit\/guest-pass-belgian-jazz-festival-april-3rd-4th-2026\/\" class=\"wc-block-grid__product-link\">\n\t\t\t\t\t\n\t\t\t\t\t<div class=\"wc-block-grid__product-image\"><img loading=\"lazy\" decoding=\"async\" width=\"300\" height=\"300\" src=\"https:\/\/belgianjazz.com\/wp-content\/uploads\/2026\/02\/Pass-3-et-4-avril-2026-petit-300x300.jpg\" class=\"attachment-woocommerce_thumbnail size-woocommerce_thumbnail\" alt=\"GUEST PASS Belgian Jazz Festival 2026 April 3rd &amp; 4th 2026\" srcset=\"https:\/\/belgianjazz.com\/wp-content\/uploads\/2026\/02\/Pass-3-et-4-avril-2026-petit-300x300.jpg 300w, https:\/\/belgianjazz.com\/wp-content\/uploads\/2026\/02\/Pass-3-et-4-avril-2026-petit-1024x1024.jpg 1024w, https:\/\/belgianjazz.com\/wp-content\/uploads\/2026\/02\/Pass-3-et-4-avril-2026-petit-150x150.jpg 150w, https:\/\/belgianjazz.com\/wp-content\/uploads\/2026\/02\/Pass-3-et-4-avril-2026-petit-768x768.jpg 768w, https:\/\/belgianjazz.com\/wp-content\/uploads\/2026\/02\/Pass-3-et-4-avril-2026-petit-1536x1536.jpg 1536w, https:\/\/belgianjazz.com\/wp-content\/uploads\/2026\/02\/Pass-3-et-4-avril-2026-petit-600x600.jpg 600w, https:\/\/belgianjazz.com\/wp-content\/uploads\/2026\/02\/Pass-3-et-4-avril-2026-petit-100x100.jpg 100w, https:\/\/belgianjazz.com\/wp-content\/uploads\/2026\/02\/Pass-3-et-4-avril-2026-petit.jpg 2000w\" sizes=\"auto, (max-width: 300px) 100vw, 300px\" \/><\/div>\n\t\t\t\t\t<div class=\"wc-block-grid__product-title\">GUEST PASS Belgian Jazz Festival 2026 April 3rd &amp; 4th 2026<\/div>\n\t\t\t\t<\/a>\n\t\t\t\t<div class=\"wc-block-grid__product-price price\"><span class=\"woocommerce-Price-amount amount\"><span class=\"woocommerce-Price-currencySymbol\">&euro;<\/span>&nbsp;0,00<\/span><\/div>\n\t\t\t\t\n\t\t\t\t<div class=\"wp-block-button wc-block-grid__product-add-to-cart\"><a href=\"\/index.php\/wp-json\/wp\/v2\/pages\/72?add-to-cart=1180\" aria-label=\"Ajouter au panier\u00a0: &ldquo;GUEST PASS Belgian Jazz Festival 2026 April 3rd &amp; 4th 2026&rdquo;\" data-quantity=\"1\" data-product_id=\"1180\" data-product_sku=\"50\" data-price=\"0\" rel=\"nofollow\" class=\"wp-block-button__link wp-element-button add_to_cart_button ajax_add_to_cart\">Add to Cart &#8211; Ajouter au Panier &#8211; Voeg toe aan winkelkar<\/a><\/div>\n\t\t\t<\/li><li class=\"wc-block-grid__product\">\n\t\t\t\t<a href=\"https:\/\/belgianjazz.com\/index.php\/produit\/perles-de-wallonie-domaine-du-chenoy\/\" class=\"wc-block-grid__product-link\">\n\t\t\t\t\t\n\t\t\t\t\t<div class=\"wc-block-grid__product-image\"><img loading=\"lazy\" decoding=\"async\" width=\"300\" height=\"300\" src=\"https:\/\/belgianjazz.com\/wp-content\/uploads\/2026\/02\/Cremant-_Perle-de-Wallonie_-Domaine-du-Chenoy-300x300.png\" class=\"attachment-woocommerce_thumbnail size-woocommerce_thumbnail\" alt=\"Perles de Wallonie, Domaine du Chenoy\" srcset=\"https:\/\/belgianjazz.com\/wp-content\/uploads\/2026\/02\/Cremant-_Perle-de-Wallonie_-Domaine-du-Chenoy-300x300.png 300w, https:\/\/belgianjazz.com\/wp-content\/uploads\/2026\/02\/Cremant-_Perle-de-Wallonie_-Domaine-du-Chenoy-150x150.png 150w, https:\/\/belgianjazz.com\/wp-content\/uploads\/2026\/02\/Cremant-_Perle-de-Wallonie_-Domaine-du-Chenoy-600x600.png 600w, https:\/\/belgianjazz.com\/wp-content\/uploads\/2026\/02\/Cremant-_Perle-de-Wallonie_-Domaine-du-Chenoy-100x100.png 100w, https:\/\/belgianjazz.com\/wp-content\/uploads\/2026\/02\/Cremant-_Perle-de-Wallonie_-Domaine-du-Chenoy-50x50.png 50w, https:\/\/belgianjazz.com\/wp-content\/uploads\/2026\/02\/Cremant-_Perle-de-Wallonie_-Domaine-du-Chenoy.png 730w\" sizes=\"auto, (max-width: 300px) 100vw, 300px\" \/><\/div>\n\t\t\t\t\t<div class=\"wc-block-grid__product-title\">Perles de Wallonie, Domaine du Chenoy<\/div>\n\t\t\t\t<\/a>\n\t\t\t\t<div class=\"wc-block-grid__product-price price\"><span class=\"woocommerce-Price-amount amount\"><span class=\"woocommerce-Price-currencySymbol\">&euro;<\/span>&nbsp;45,00<\/span><\/div>\n\t\t\t\t\n\t\t\t\t<div class=\"wp-block-button wc-block-grid__product-add-to-cart\"><a href=\"\/index.php\/wp-json\/wp\/v2\/pages\/72?add-to-cart=1155\" aria-label=\"Ajouter au panier\u00a0: &ldquo;Perles de Wallonie, Domaine du Chenoy&rdquo;\" data-quantity=\"1\" data-product_id=\"1155\" data-product_sku=\"\" data-price=\"45\" rel=\"nofollow\" class=\"wp-block-button__link wp-element-button add_to_cart_button ajax_add_to_cart\">Add to Cart &#8211; Ajouter au Panier &#8211; Voeg toe aan winkelkar<\/a><\/div>\n\t\t\t<\/li><li class=\"wc-block-grid__product\">\n\t\t\t\t<a href=\"https:\/\/belgianjazz.com\/index.php\/produit\/pass-support-tombola-april-3rd-4th-2026\/\" class=\"wc-block-grid__product-link\">\n\t\t\t\t\t\n\t\t\t\t\t<div class=\"wc-block-grid__product-image\"><img loading=\"lazy\" decoding=\"async\" width=\"300\" height=\"300\" src=\"https:\/\/belgianjazz.com\/wp-content\/uploads\/2026\/02\/Pass-Supp-2026-300x300.jpg\" class=\"attachment-woocommerce_thumbnail size-woocommerce_thumbnail\" alt=\"PASS support tombola April 3rd &amp; 4th 2026\" srcset=\"https:\/\/belgianjazz.com\/wp-content\/uploads\/2026\/02\/Pass-Supp-2026-300x300.jpg 300w, https:\/\/belgianjazz.com\/wp-content\/uploads\/2026\/02\/Pass-Supp-2026-1024x1024.jpg 1024w, https:\/\/belgianjazz.com\/wp-content\/uploads\/2026\/02\/Pass-Supp-2026-150x150.jpg 150w, https:\/\/belgianjazz.com\/wp-content\/uploads\/2026\/02\/Pass-Supp-2026-768x768.jpg 768w, https:\/\/belgianjazz.com\/wp-content\/uploads\/2026\/02\/Pass-Supp-2026-1536x1536.jpg 1536w, https:\/\/belgianjazz.com\/wp-content\/uploads\/2026\/02\/Pass-Supp-2026-600x600.jpg 600w, https:\/\/belgianjazz.com\/wp-content\/uploads\/2026\/02\/Pass-Supp-2026-100x100.jpg 100w, https:\/\/belgianjazz.com\/wp-content\/uploads\/2026\/02\/Pass-Supp-2026-50x50.jpg 50w, https:\/\/belgianjazz.com\/wp-content\/uploads\/2026\/02\/Pass-Supp-2026.jpg 2000w\" sizes=\"auto, (max-width: 300px) 100vw, 300px\" \/><\/div>\n\t\t\t\t\t<div class=\"wc-block-grid__product-title\">PASS support tombola April 3rd &amp; 4th 2026<\/div>\n\t\t\t\t<\/a>\n\t\t\t\t<div class=\"wc-block-grid__product-price price\"><span class=\"woocommerce-Price-amount amount\"><span class=\"woocommerce-Price-currencySymbol\">&euro;<\/span>&nbsp;95,00<\/span><\/div>\n\t\t\t\t\n\t\t\t\t<div class=\"wp-block-button wc-block-grid__product-add-to-cart\"><a href=\"\/index.php\/wp-json\/wp\/v2\/pages\/72?add-to-cart=1153\" aria-label=\"Ajouter au panier\u00a0: &ldquo;PASS support tombola April 3rd &amp; 4th 2026&rdquo;\" data-quantity=\"1\" data-product_id=\"1153\" data-product_sku=\"\" data-price=\"95\" rel=\"nofollow\" class=\"wp-block-button__link wp-element-button add_to_cart_button ajax_add_to_cart\">Add to Cart &#8211; Ajouter au Panier &#8211; Voeg toe aan winkelkar<\/a><\/div>\n\t\t\t<\/li><li class=\"wc-block-grid__product\">\n\t\t\t\t<a href=\"https:\/\/belgianjazz.com\/index.php\/produit\/ticket-support-tombola-april-3rd-2026\/\" class=\"wc-block-grid__product-link\">\n\t\t\t\t\t\n\t\t\t\t\t<div class=\"wc-block-grid__product-image\"><img loading=\"lazy\" decoding=\"async\" width=\"300\" height=\"300\" src=\"https:\/\/belgianjazz.com\/wp-content\/uploads\/2026\/02\/Ticket-Supp-3-avril-2026-300x300.jpg\" class=\"attachment-woocommerce_thumbnail size-woocommerce_thumbnail\" alt=\"Ticket support tombola April 3rd 2026\" srcset=\"https:\/\/belgianjazz.com\/wp-content\/uploads\/2026\/02\/Ticket-Supp-3-avril-2026-300x300.jpg 300w, https:\/\/belgianjazz.com\/wp-content\/uploads\/2026\/02\/Ticket-Supp-3-avril-2026-1024x1024.jpg 1024w, https:\/\/belgianjazz.com\/wp-content\/uploads\/2026\/02\/Ticket-Supp-3-avril-2026-150x150.jpg 150w, https:\/\/belgianjazz.com\/wp-content\/uploads\/2026\/02\/Ticket-Supp-3-avril-2026-768x768.jpg 768w, https:\/\/belgianjazz.com\/wp-content\/uploads\/2026\/02\/Ticket-Supp-3-avril-2026-1536x1536.jpg 1536w, https:\/\/belgianjazz.com\/wp-content\/uploads\/2026\/02\/Ticket-Supp-3-avril-2026-600x600.jpg 600w, https:\/\/belgianjazz.com\/wp-content\/uploads\/2026\/02\/Ticket-Supp-3-avril-2026-100x100.jpg 100w, https:\/\/belgianjazz.com\/wp-content\/uploads\/2026\/02\/Ticket-Supp-3-avril-2026-50x50.jpg 50w, https:\/\/belgianjazz.com\/wp-content\/uploads\/2026\/02\/Ticket-Supp-3-avril-2026.jpg 2000w\" sizes=\"auto, (max-width: 300px) 100vw, 300px\" \/><\/div>\n\t\t\t\t\t<div class=\"wc-block-grid__product-title\">Ticket support tombola April 3rd 2026<\/div>\n\t\t\t\t<\/a>\n\t\t\t\t<div class=\"wc-block-grid__product-price price\"><span class=\"woocommerce-Price-amount amount\"><span class=\"woocommerce-Price-currencySymbol\">&euro;<\/span>&nbsp;60,00<\/span><\/div>\n\t\t\t\t\n\t\t\t\t<div class=\"wp-block-button wc-block-grid__product-add-to-cart\"><a href=\"\/index.php\/wp-json\/wp\/v2\/pages\/72?add-to-cart=1151\" aria-label=\"Ajouter au panier\u00a0: &ldquo;Ticket support tombola April 3rd 2026&rdquo;\" data-quantity=\"1\" data-product_id=\"1151\" data-product_sku=\"\" data-price=\"60\" rel=\"nofollow\" class=\"wp-block-button__link wp-element-button add_to_cart_button ajax_add_to_cart\">Add to Cart &#8211; Ajouter au Panier &#8211; Voeg toe aan winkelkar<\/a><\/div>\n\t\t\t<\/li><\/ul><\/div><\/div>\n<\/div>\n\n\n\n<p class=\"has-normal-font-size\"><strong>Aidez le festival en vous faisant plaisir &#8211; Help het festival door uzelf een plezier te doen &#8211; Support the festival while treating yourself<\/strong><br>A r\u00e9cup\u00e9rer apr\u00e8s le concert &#8211; Na het concert af te halen &#8211; To be collected after the concert<br><\/p>\n\n\n<div data-align-buttons=\"true\" data-block-name=\"woocommerce\/product-category\" data-categories=\"[27]\" data-columns=\"4\" class=\"wc-block-grid wp-block-product-category wp-block-woocommerce-product-category wc-block-product-category has-4-columns has-multiple-rows has-aligned-buttons\"><ul class=\"wc-block-grid__products\"><li class=\"wc-block-grid__product\">\n\t\t\t\t<a href=\"https:\/\/belgianjazz.com\/index.php\/produit\/perles-de-wallonie-domaine-du-chenoy\/\" class=\"wc-block-grid__product-link\">\n\t\t\t\t\t\n\t\t\t\t\t<div class=\"wc-block-grid__product-image\"><img loading=\"lazy\" decoding=\"async\" width=\"300\" height=\"300\" src=\"https:\/\/belgianjazz.com\/wp-content\/uploads\/2026\/02\/Cremant-_Perle-de-Wallonie_-Domaine-du-Chenoy-300x300.png\" class=\"attachment-woocommerce_thumbnail size-woocommerce_thumbnail\" alt=\"Perles de Wallonie, Domaine du Chenoy\" srcset=\"https:\/\/belgianjazz.com\/wp-content\/uploads\/2026\/02\/Cremant-_Perle-de-Wallonie_-Domaine-du-Chenoy-300x300.png 300w, https:\/\/belgianjazz.com\/wp-content\/uploads\/2026\/02\/Cremant-_Perle-de-Wallonie_-Domaine-du-Chenoy-150x150.png 150w, https:\/\/belgianjazz.com\/wp-content\/uploads\/2026\/02\/Cremant-_Perle-de-Wallonie_-Domaine-du-Chenoy-600x600.png 600w, https:\/\/belgianjazz.com\/wp-content\/uploads\/2026\/02\/Cremant-_Perle-de-Wallonie_-Domaine-du-Chenoy-100x100.png 100w, https:\/\/belgianjazz.com\/wp-content\/uploads\/2026\/02\/Cremant-_Perle-de-Wallonie_-Domaine-du-Chenoy-50x50.png 50w, https:\/\/belgianjazz.com\/wp-content\/uploads\/2026\/02\/Cremant-_Perle-de-Wallonie_-Domaine-du-Chenoy.png 730w\" sizes=\"auto, (max-width: 300px) 100vw, 300px\" \/><\/div>\n\t\t\t\t\t<div class=\"wc-block-grid__product-title\">Perles de Wallonie, Domaine du Chenoy<\/div>\n\t\t\t\t<\/a>\n\t\t\t\t<div class=\"wc-block-grid__product-price price\"><span class=\"woocommerce-Price-amount amount\"><span class=\"woocommerce-Price-currencySymbol\">&euro;<\/span>&nbsp;45,00<\/span><\/div>\n\t\t\t\t\n\t\t\t\t<div class=\"wp-block-button wc-block-grid__product-add-to-cart\"><a href=\"\/index.php\/wp-json\/wp\/v2\/pages\/72?add-to-cart=1155\" aria-label=\"Ajouter au panier\u00a0: &ldquo;Perles de Wallonie, Domaine du Chenoy&rdquo;\" data-quantity=\"1\" data-product_id=\"1155\" data-product_sku=\"\" data-price=\"45\" rel=\"nofollow\" class=\"wp-block-button__link wp-element-button add_to_cart_button ajax_add_to_cart\">Add to Cart &#8211; Ajouter au Panier &#8211; Voeg toe aan winkelkar<\/a><\/div>\n\t\t\t<\/li><li class=\"wc-block-grid__product\">\n\t\t\t\t<a href=\"https:\/\/belgianjazz.com\/index.php\/produit\/a-surprising-beer-pack-by-la-brasserie-de-la-senne\/\" class=\"wc-block-grid__product-link\">\n\t\t\t\t\t\n\t\t\t\t\t<div class=\"wc-block-grid__product-image\"><img loading=\"lazy\" decoding=\"async\" width=\"300\" height=\"300\" src=\"https:\/\/belgianjazz.com\/wp-content\/uploads\/2024\/02\/Pack-Decouverte-brasserie-de-la-Senne-300x300.jpg\" class=\"attachment-woocommerce_thumbnail size-woocommerce_thumbnail\" alt=\"Discovering beer pack by &quot;La Brasserie de la Senne&quot;\" srcset=\"https:\/\/belgianjazz.com\/wp-content\/uploads\/2024\/02\/Pack-Decouverte-brasserie-de-la-Senne-300x300.jpg 300w, https:\/\/belgianjazz.com\/wp-content\/uploads\/2024\/02\/Pack-Decouverte-brasserie-de-la-Senne-150x150.jpg 150w, https:\/\/belgianjazz.com\/wp-content\/uploads\/2024\/02\/Pack-Decouverte-brasserie-de-la-Senne-100x100.jpg 100w, https:\/\/belgianjazz.com\/wp-content\/uploads\/2024\/02\/Pack-Decouverte-brasserie-de-la-Senne-50x50.jpg 50w\" sizes=\"auto, (max-width: 300px) 100vw, 300px\" \/><\/div>\n\t\t\t\t\t<div class=\"wc-block-grid__product-title\">Discovering beer pack by \u00ab\u00a0La Brasserie de la Senne\u00a0\u00bb<\/div>\n\t\t\t\t<\/a>\n\t\t\t\t<div class=\"wc-block-grid__product-price price\"><span class=\"woocommerce-Price-amount amount\"><span class=\"woocommerce-Price-currencySymbol\">&euro;<\/span>&nbsp;25,00<\/span><\/div>\n\t\t\t\t\n\t\t\t\t<div class=\"wp-block-button wc-block-grid__product-add-to-cart\"><a href=\"\/index.php\/wp-json\/wp\/v2\/pages\/72?add-to-cart=206\" aria-label=\"Ajouter au panier\u00a0: &ldquo;Discovering beer pack by &quot;La Brasserie de la Senne&quot;&rdquo;\" data-quantity=\"1\" data-product_id=\"206\" data-product_sku=\"\" data-price=\"25\" rel=\"nofollow\" class=\"wp-block-button__link wp-element-button add_to_cart_button ajax_add_to_cart\">Add to Cart &#8211; Ajouter au Panier &#8211; Voeg toe aan winkelkar<\/a><\/div>\n\t\t\t<\/li><\/ul><\/div>","protected":false},"excerpt":{"rendered":"<p>Aidez le festival en vous faisant plaisir &#8211; Help het festival door uzelf een plezier te doen &#8211; Support the festival while treating yourselfA r\u00e9cup\u00e9rer apr\u00e8s le concert &#8211; Na het concert af te halen &#8211; To be collected after the concert<\/p>\n","protected":false},"author":1,"featured_media":0,"parent":0,"menu_order":0,"comment_status":"closed","ping_status":"closed","template":"","meta":{"footnotes":""},"class_list":["post-72","page","type-page","status-publish","hentry"],"jetpack_sharing_enabled":true,"_links":{"self":[{"href":"https:\/\/belgianjazz.com\/index.php\/wp-json\/wp\/v2\/pages\/72","targetHints":{"allow":["GET"]}}],"collection":[{"href":"https:\/\/belgianjazz.com\/index.php\/wp-json\/wp\/v2\/pages"}],"about":[{"href":"https:\/\/belgianjazz.com\/index.php\/wp-json\/wp\/v2\/types\/page"}],"author":[{"embeddable":true,"href":"https:\/\/belgianjazz.com\/index.php\/wp-json\/wp\/v2\/users\/1"}],"replies":[{"embeddable":true,"href":"https:\/\/belgianjazz.com\/index.php\/wp-json\/wp\/v2\/comments?post=72"}],"version-history":[{"count":0,"href":"https:\/\/belgianjazz.com\/index.php\/wp-json\/wp\/v2\/pages\/72\/revisions"}],"wp:attachment":[{"href":"https:\/\/belgianjazz.com\/index.php\/wp-json\/wp\/v2\/media?parent=72"}],"curies":[{"name":"wp","href":"https:\/\/api.w.org\/{rel}","templated":true}]}}