{"id":965,"date":"2025-11-08T10:48:32","date_gmt":"2025-11-08T09:48:32","guid":{"rendered":"https:\/\/belgianjazz.com\/?post_type=product&#038;p=965"},"modified":"2025-12-06T12:22:41","modified_gmt":"2025-12-06T11:22:41","slug":"diner-concert-bossa-noel-jeudi-11-decembre-2025","status":"publish","type":"product","link":"https:\/\/belgianjazz.com\/index.php\/produit\/diner-concert-bossa-noel-jeudi-11-decembre-2025\/","title":{"rendered":"D\u00eener concert \u00ab\u00a0Bossa No\u00ebl\u00a0\u00bb jeudi 11 d\u00e9cembre 2025"},"content":{"rendered":"<p>D\u00eener concert du jeudi 11 d\u00e9cembre avec Afy et Max.<\/p>\n<p>Adresse :<\/p>\n<p>Domaine du Chenoy<\/p>\n<p>Rue du Chenoy, 1b<\/p>\n<p>5080 Emines<\/p>\n<p>Avec :<\/p>\n<p>Afy Lomama : chant, basse et glockenspiel<\/p>\n<p>Maxime Bl\u00e9sin : guitare et chant<\/p>\n","protected":false},"excerpt":{"rendered":"<p>D\u00eener concert du jeudi 11 d\u00e9cembre avec Afy et Max.<\/p>\n<p>Adresse :<\/p>\n<p>Domaine du Chenoy<\/p>\n<p>Rue du Chenoy, 1b<\/p>\n<p>5080 Emines<\/p>\n<p>Avec :<\/p>\n<p>Afy Lomama : chant, basse et glockenspiel<\/p>\n<p>Maxime Bl\u00e9sin : guitare et chant<\/p>\n","protected":false},"featured_media":966,"template":"","meta":[],"product_brand":[],"product_cat":[20],"product_tag":[],"class_list":{"0":"post-965","1":"product","2":"type-product","3":"status-publish","4":"has-post-thumbnail","6":"product_cat-non-classe","8":"first","9":"instock","10":"shipping-taxable","11":"purchasable","12":"product-type-simple"},"jetpack_sharing_enabled":true,"_links":{"self":[{"href":"https:\/\/belgianjazz.com\/index.php\/wp-json\/wp\/v2\/product\/965","targetHints":{"allow":["GET"]}}],"collection":[{"href":"https:\/\/belgianjazz.com\/index.php\/wp-json\/wp\/v2\/product"}],"about":[{"href":"https:\/\/belgianjazz.com\/index.php\/wp-json\/wp\/v2\/types\/product"}],"wp:featuredmedia":[{"embeddable":true,"href":"https:\/\/belgianjazz.com\/index.php\/wp-json\/wp\/v2\/media\/966"}],"wp:attachment":[{"href":"https:\/\/belgianjazz.com\/index.php\/wp-json\/wp\/v2\/media?parent=965"}],"wp:term":[{"taxonomy":"product_brand","embeddable":true,"href":"https:\/\/belgianjazz.com\/index.php\/wp-json\/wp\/v2\/product_brand?post=965"},{"taxonomy":"product_cat","embeddable":true,"href":"https:\/\/belgianjazz.com\/index.php\/wp-json\/wp\/v2\/product_cat?post=965"},{"taxonomy":"product_tag","embeddable":true,"href":"https:\/\/belgianjazz.com\/index.php\/wp-json\/wp\/v2\/product_tag?post=965"}],"curies":[{"name":"wp","href":"https:\/\/api.w.org\/{rel}","templated":true}]}}