{"id":971,"date":"2025-11-08T11:00:04","date_gmt":"2025-11-08T10:00:04","guid":{"rendered":"https:\/\/belgianjazz.com\/?post_type=product&#038;p=971"},"modified":"2025-11-17T15:38:49","modified_gmt":"2025-11-17T14:38:49","slug":"diner-concert-bossa-noel-samedi-13-decembre-2025","status":"publish","type":"product","link":"https:\/\/belgianjazz.com\/index.php\/produit\/diner-concert-bossa-noel-samedi-13-decembre-2025\/","title":{"rendered":"D\u00eener concert \u00ab Bossa No\u00ebl \u00bb samedi 13 d\u00e9cembre 2025"},"content":{"rendered":"<p>D\u00eener concert du samedi 13 d\u00e9cembre avec Afy et Max.<\/p>\n<p>Adresse :<\/p>\n<p>Domaine du Chenoy<\/p>\n<p>Rue du Chenoy, 1b<\/p>\n<p>5080 Emines<\/p>\n<p>Avec :<\/p>\n<p>Afy Lomama : chant, basse et glockenspiel<\/p>\n<p>Maxime Bl\u00e9sin : guitare et chant<\/p>\n","protected":false},"excerpt":{"rendered":"<p>D\u00eener concert du samedi 13 d\u00e9cembre avec Afy et Max.<\/p>\n<p>Adresse :<\/p>\n<p>Domaine du Chenoy<\/p>\n<p>Rue du Chenoy, 1b<\/p>\n<p>5080 Emines<\/p>\n<p>Avec :<\/p>\n<p>Afy Lomama : chant, basse et glockenspiel<\/p>\n<p>Maxime Bl\u00e9sin : guitare et chant<\/p>\n","protected":false},"featured_media":972,"template":"","meta":[],"product_brand":[],"product_cat":[38],"product_tag":[],"class_list":{"0":"post-971","1":"product","2":"type-product","3":"status-publish","4":"has-post-thumbnail","6":"product_cat-bossa-noel-2025","8":"first","9":"instock","10":"shipping-taxable","11":"purchasable","12":"product-type-simple"},"jetpack_sharing_enabled":true,"_links":{"self":[{"href":"https:\/\/belgianjazz.com\/index.php\/wp-json\/wp\/v2\/product\/971","targetHints":{"allow":["GET"]}}],"collection":[{"href":"https:\/\/belgianjazz.com\/index.php\/wp-json\/wp\/v2\/product"}],"about":[{"href":"https:\/\/belgianjazz.com\/index.php\/wp-json\/wp\/v2\/types\/product"}],"wp:featuredmedia":[{"embeddable":true,"href":"https:\/\/belgianjazz.com\/index.php\/wp-json\/wp\/v2\/media\/972"}],"wp:attachment":[{"href":"https:\/\/belgianjazz.com\/index.php\/wp-json\/wp\/v2\/media?parent=971"}],"wp:term":[{"taxonomy":"product_brand","embeddable":true,"href":"https:\/\/belgianjazz.com\/index.php\/wp-json\/wp\/v2\/product_brand?post=971"},{"taxonomy":"product_cat","embeddable":true,"href":"https:\/\/belgianjazz.com\/index.php\/wp-json\/wp\/v2\/product_cat?post=971"},{"taxonomy":"product_tag","embeddable":true,"href":"https:\/\/belgianjazz.com\/index.php\/wp-json\/wp\/v2\/product_tag?post=971"}],"curies":[{"name":"wp","href":"https:\/\/api.w.org\/{rel}","templated":true}]}}